{"id":120,"date":"2019-07-09T19:53:40","date_gmt":"2019-07-09T19:53:40","guid":{"rendered":"http:\/\/gewerko.de\/?page_id=120"},"modified":"2026-02-06T21:59:47","modified_gmt":"2026-02-06T21:59:47","slug":"mesmerize","status":"publish","type":"page","link":"https:\/\/veat-gradina.de\/","title":{"rendered":"Front Page"},"content":{"rendered":"<div  id=\"kurz-vorgestellt\" style=\"background-color: #ffffff;\" data-label=\"Kurz vorgestellt\" data-id=\"about-images-right-section-mc\" data-export-id=\"about-images-right-section-mc\" data-category=\"about\" class=\"about-images-right-section content-section content-section-spacing\"><div  class=\"gridContainer\"> <div  class=\"row middle-sm text-center\"><div  class=\"col-sm-5 content-left-sm\" data-type=\"column\"> <h5  class=\"\">Kurz vorgestellt\u2026<\/h5> <h2  class=\"\"><font  face=\"Playfair Display, sans-serif\"><b ><i >\u201eWir sind erst zufrieden wenn Sie es sind\u201c<\/i><\/b><\/font><\/h2> <p  class=\"\">Unsere Kernkompetenz sind die Bereiche Bad-, Sanit\u00e4r- und Heizungstechnik.<br ><br >Das Veat-Gradina-Team setzt sich aus langj\u00e4hrig erfahrenen und motivierten Fachkr\u00e4ften zusammen. Die gute fachliche Qualifikation der Mitarbeiter wird st\u00e4ndig ausgebaut und vertieft, um allen Kundenw\u00fcnschen und technischen Innovationen gerecht zu werden.<br ><br >Als Meisterbetrieb bem\u00fchen wir uns um h\u00f6chste Qualit\u00e4tsstandards. Dazu z\u00e4hlen f\u00fcr uns vor allem eine kundenfreundliche und fachliche Beratung sowie eine hochwertige Umsetzung der Projekte. Unter Ber\u00fccksichtigung umweltsch\u00fctzender Aspekte realisieren wir praxisgerechte und wirtschaftliche L\u00f6sungen f\u00fcr unsere Kunden. Nehmen Sie doch mit uns Kontakt auf und \u00fcberzeugen Sie sich selbst von unseren F\u00e4higkeiten.<\/p> <a  class=\"button color1\" href=\"#kontakt\" target=\"_self\" data-cp-link=\"1\" rel=\"noopener noreferrer\">Kontakt<\/a><\/div> <div  class=\"col-sm-7 space-bottom-xs\"><div  class=\"image-group-side-3-img\"> <a  data-cp-link=\"1\" href=\"#\" target=\"_self\" rel=\"noopener noreferrer\"><img  decoding=\"async\" class=\"topimg shadow-large\" src=\"http:\/\/gewerko.de\/wp-content\/uploads\/2019\/07\/cropped-Design-ohne-Titel-2.jpg\" alt=\"\" title=\"cropped-jose-soriano-90iPlXtsrVA-unsplash-1.jpg\"><\/a> <img  decoding=\"async\" class=\"rightimg shadow-large\" src=\"http:\/\/veat-gradina.de\/wp-content\/uploads\/2019\/07\/IMG_0786-e1562681820514.jpg\" alt=\"\" title=\"IMG_0786\"> <div  class=\"leftimg\"> <img  decoding=\"async\" class=\"shadow-large\" src=\"http:\/\/gewerko.de\/wp-content\/uploads\/2019\/07\/cropped-Design-ohne-Titel-4.jpg\" alt=\"\" title=\"cropped-Design-ohne-Titel-4.jpg\"><\/div> <\/div><\/div> <\/div><\/div> <\/div><div  id=\"vom-bad-planen-zum-badezimmer\" style=\"background-color: #ffffff;\" data-label=\"Vom Bad planen zum Badezimmer\" data-id=\"content-2\" data-export-id=\"content-2\" data-category=\"content\" class=\"content-2 content-section content-section-spacing\"><div > <div  class=\"row middle-xs\"><div  class=\"col-sm-5 bg-image shadow-large-black\" data-bg=\"image\" style=\"background-image: url(&quot;http:\/\/veat-gradina.de\/wp-content\/uploads\/2019\/07\/jose-soriano-dM-oOnhi2r4-unsplash.jpg&quot;);\"><\/div> <div  class=\"col-sm-7 full-col-left-padding full-col-right-padding\"> <div  class=\"row\"> <div  data-type=\"column\" class=\"space-bottom-small content-title-col\">  <h5  class=\"\">Vom Badplaner zum Badezimmer<\/h5><h2  class=\"\">Grund\u00fcberlegungen<\/h2> <p  class=\"\">Sie m\u00f6chten ein Haus bauen oder sanieren und m\u00fcssen Ihr Bad von Grund auf planen? Oder m\u00f6chten Sie Ihr Bad renovieren oder neu einrichten und suchen nach Badezimmer Ideen? Es gibt verschiedene M\u00f6glichkeiten, wie Sie Ihre kreativen Gedanken bereits vor der Umsetzung visualisieren k\u00f6nnen. Beginnen wir mit den grundlegenden \u00dcberlegungen.<br ><br >Welchen Stil bevorzugen Sie im Bad?\n<br ><br >Eine Wohnung kann so unterschiedlich sein wie seine Bewohner, aber nur selten spiegelt sich der Wohnungsstil im Bad wider. H\u00e4ufig mutiert das Badezimmer zum Abstellort von Schmutzw\u00e4sche, W\u00e4schest\u00e4ndern, Putzutensilien und von Multipacks von Hygieneartikeln. Nat\u00fcrlich m\u00fcssen all diese Dinge irgendwo untergebracht werden, aber es gibt mittlerweile zahlreiche elegante L\u00f6sungen, die ein Bad zu einem multifunktionalen Raum werden lassen, in dem Ruhe, Entspannung und Erholung nicht zu kurz kommen. \u00dcberschlagen Sie doch einmal, wieviel Zeit Sie t\u00e4glich in Ihrem Badezimmer verbringen. Sie haben es verdient, Zuhause Ihre pers\u00f6nliche, kleine Wellnessoase zu haben. Entscheiden Sie sich deshalb f\u00fcr ein rundes Konzept f\u00fcr Ihr Bad und einen einheitlichen Stil.<br ><br >Die gr\u00f6\u00dfte Herausforderung bei der Stilfindung f\u00fcr Ihr Bad liegt vermutlich darin, allen Badnutzern gerecht zu werden, denn jedes Familienmitglied oder jeder Mitarbeiter soll sich wohl f\u00fchlen. Des Weiteren kann es schwierig werden, Ihr Bad dem Stil Ihrer restlichen Wohnung oder Ihres B\u00fcrokomplexes anzupassen. Mit der Stilfrage einher gehen Entscheidungen bez\u00fcglich der Farben und Materialien Ihrer Badeinrichtung.<br ><br >Die Auswahl an Stilen ist gro\u00df, weshalb wir Ihnen bei der Planung gerne zur Seite stehen. Kontaktieren Sie uns unverbindlich. Gemeinsam mit Ihnen planen wir ihr Traumbad.<\/p><\/div> <\/div> <div  class=\"row spaced-cols \" data-type=\"row\">   <div  class=\"col-xs-6\" data-type=\"column\"> <\/div>  <\/div><\/div> <\/div><\/div> <\/div><div  id=\"content-14\" style=\"background-color: #f5fafd;\" data-label=\"Content\" data-id=\"content-3\" data-export-id=\"content-3\" data-category=\"content\" class=\"content-3 content-section content-section-spacing\"><div > <div  class=\"row middle-xs\"><div  class=\"col-sm-7 full-col-left-padding full-col-right-padding\"> <div  class=\"row\"><div  data-type=\"column\" class=\"space-bottom-small content-title-col\"> <h5  class=\"\">Checkliste<\/h5> <h2  class=\"\">Planen Sie Ihr Bad von morgen.<\/h2> <p  class=\"\">Wer ein Bad planen will, muss an viele Dinge denken und verschiedene Faktore ber\u00fccksichtigen. Denn es geht um weit mehr als um die \u00dcberlegung, wo eine Pflanze hinkommt, welche Farbe die Handt\u00fccher haben sollen und welche Armatur am besten zum Waschbecken passt. Damit Sie gut stukturiert an Ihren Badplaner gehen k\u00f6nnen, k\u00f6nnen Sie auf verschiedene Techniken und Mittel zur\u00fcckgreifen, die Ihnen dabei helfen, Ihre Gedanken und Ideen bez\u00fcglich Ihrer Badeinrichtung zu strukturieren.<br ><br >So kann es sich empfehlen, die einzelnen Punkte in einer To-Do-Liste zu notieren, wobei hier die Devise gilt \u201eLieber zu viel als zu wenig.\u201c Das hei\u00dft, dass Sie bei Ihrer Baplanung lieber detaillierter vorgehen sollen als zu grob. Anstatt die einzelnen Punkte in der To-Do-Liste mehr oder weniger strukturiert herunterzuschreiben, k\u00f6nnen Sie auch f\u00fcr die einzelnen Themen Karteikarten anlegen und diese gegebenenfalls auch noch farblich kennzeichen. Blau beispielsweise f\u00fcr die Sanit\u00e4ranlagen, Gr\u00fcn ist Deko, Rot sind die Badm\u00f6bel und Gelb die Renovierungsarbeiten. Wer es bildlicher mag, kommt vielleicht mit einer Mindmap besser zurecht. Ob mit bunten Stiften auf dem Papier oder mit Post-its an der Wand, bei der Erstellung von Mindmaps gibt es kaum Grenzen.<br ><br >Egal f\u00fcr welche Planungsmethode Sie sich entscheiden, ein grundlegendens, hilfreiches Mittel ist eine Checkliste, anhand derer Sie die einzelnen Punkte durchgehen k\u00f6nnen, um nichts vergessen.<\/p><\/div> <\/div> <div  class=\"row spaced-cols\" data-type=\"row\">    <div  class=\"col-xs-6\" data-type=\"column\"><a  class=\"button blue\" href=\"https:\/\/veat-gradina.de\/wp-content\/uploads\/2019\/07\/Checkliste-Badplanung_D_Veat.pdf\" target=\"_self\" data-cp-link=\"1\" rel=\"noopener noreferrer\">Jetzt kostenlose Checkliste anfordern<\/a> <\/div> <\/div><\/div> <div  class=\"col-sm-5 bg-image shadow-large-black revert-classes-holder\" data-bg=\"image\" style=\"background-image: url(&quot;http:\/\/veat-gradina.de\/wp-content\/uploads\/2019\/07\/jose-soriano-90iPlXtsrVA-unsplash.jpg&quot;);\"><\/div><\/div> <\/div><\/div><div  data-label=\"Heizsysteme\" data-id=\"content--1\" data-export-id=\"content-8\" data-category=\"content\" class=\"content-8 content-section content-section-spacing\" id=\"heizsysteme\" style=\"background-color: rgb(255, 255, 255);\"><div  class=\"gridContainer\"> <div  class=\"row middle-sm\"><div  class=\"col-sm-6 space-bottom-xs space-top-xs\" data-type=\"column\"> <img  decoding=\"async\" class=\"shadow-large\" src=\"http:\/\/gewerko.de\/wp-content\/uploads\/2019\/07\/cropped-broetje-gasheizung-bgb-teaser.jpeg\" alt=\"\" title=\"cropped-broetje-gasheizung-bgb-teaser.jpeg\"><img  decoding=\"async\" class=\"custom-image\" src=\"http:\/\/veat-gradina.de\/wp-content\/uploads\/2019\/07\/Design-ohne-Titel-3.jpg\" alt=\"\" title=\"Design ohne Titel (3)\"><\/div> <div  class=\"col-sm-6\" data-type=\"column\"><h2  class=\"\">W\u00e4rme mit System<\/h2> <p  class=\"\">Wir sind Ihr Spezialist in der und Umgebung rund um den Heizungsbau.<br ><br >Ob \u00d6l- und Gasfeuerungsanlagen, Fu\u00dfboden-heizung, konventioneller Heizk\u00f6rper, Gas- oder \u00d6lthermen, Heizkessel oder Warmlufterzeuger, Niedertemperatur oder Brennwertger\u00e4te, ob Warmluftheizung oder Lufterhitzer \u2026 wir bauen, erneuern, reparieren, warten\u2026<br ><br >\u200bVon Kleinreparatur bis zur komplexen Planung, Berechnung und Umsetzung von Gro\u00dfanlagen.<br ><br >\u200bNutzen Sie den neuen Systemkonfigurator von Br\u00f6tje, hier erhalten Sie in 5 Minuten einen ersten unverbindlichen \u00dcberblick.<br ><br >Wir beraten Sie nat\u00fcrlich auch im Vorfeld gerne umfassend.Konatktieren Sie uns einfach \u00fcber unser Kontaktformular.<\/p> <a  class=\"button color1\" href=\"#kontakt\" target=\"_self\" data-cp-link=\"1\" rel=\"noopener noreferrer\">Kontakt<\/a><a  class=\"button blue\" href=\"https:\/\/www.broetje.de\/de\/service\/systemkonfigurator\" target=\"_blank\" data-cp-link=\"1\" rel=\"noopener noreferrer\">System\u00adkonfigurator<\/a><\/div> <\/div><\/div> <\/div><div  id=\"unsere-leistungen-im-ueberblick\" style=\"background-color: #f5fafd;\" data-label=\"Unsere Leistungen im \u00dcberblick\" data-id=\"features-16-card-bordered\" data-export-id=\"features-16-card-bordered\" data-category=\"features\" class=\"features-16-card-bordered content-section content-section-spacing\"><div  class=\"gridContainer\"> <div  class=\"row text-center\"><div  class=\"section-title-col\" data-type=\"column\"> <h2  class=\"\">Unsere Leistungen im \u00dcberblick<\/h2> <p  class=\"lead\">Wir sind im Raum Weinstra\u00dfe und Umgebung t\u00e4tig und der Profi f\u00fcr Renovierungsarbeiten. Suchen Sie einen kompetenten Partner, der Ihnen die Heizung erneuert? Der Ihnen ein komplettes Badezimmer saniert und installiert? Dann sind wir die richtigen Ansprechpartner. Hier unsere Leistungen im \u00dcberblick.<\/p><\/div> <\/div> <div  class=\"row spaced-cols\" data-type=\"row\"> <div  class=\"col-xs-12 col-sm-6 col-md-4\"> <div  class=\"card no-padding bordered y-move\"> <img  decoding=\"async\" class=\"face\" src=\"http:\/\/gewerko.de\/wp-content\/uploads\/2019\/07\/cropped-jose-soriano-90iPlXtsrVA-unsplash-3.jpg\" alt=\"\" title=\"cropped-jose-soriano-90iPlXtsrVA-unsplash-3.jpg\"> <div  data-type=\"column\" class=\"col-padding-small col-padding-small-xs description-container\"> <h4  class=\"font-500\">Bad<\/h4> <p  class=\"\">\u2022Badgestaltung&nbsp;&amp; Planung\n\n<br >\u2022Planung und Beratung zu Badsanierungen<br >\u2022Komplette Badsanierungen<br >\u2022Armaturen anschlie\u00dfen und tauschen\n<br >\u2022Duschkabinen und Badewannen austauschen, einbauen und anschlie\u00dfen<\/p><\/div> <div  data-type=\"column\" class=\"col-padding-small col-padding-small-xs read-more-container\"><a  class=\"read-more\" href=\"#\" target=\"_self\" data-cp-link=\"1\" rel=\"noopener noreferrer\">komplettes Leistungsspektrum<\/a><\/div> <\/div><\/div> <div  class=\"col-xs-12 col-sm-6 col-md-4\"><div  class=\"card no-padding bordered y-move\"> <img  decoding=\"async\" class=\"face\" src=\"http:\/\/gewerko.de\/wp-content\/uploads\/2019\/07\/cropped-qualitaet-2.jpg\" alt=\"\" title=\"cropped-qualitaet-2.jpg\"> <div  data-type=\"column\" class=\"col-padding-small col-padding-small-xs description-container\"> <h4  class=\"font-500\">Heiztechnik<\/h4> <p  class=\"\">\u2022Heizanlagen, Warmwasseranlagen und Boiler einbauen und reparieren\n<br >\u2022Kamine und Kachel\u00f6fen bauen\n<br >\u2022Fu\u00dfbodenheizungen verlegen\n<br >\u2022Thermische W\u00e4rmekollektoren und Solarpanele montieren\n<br >\u2022Fertigkamine und Fertig\u00f6fen an bestehenden Schornstein anschlie\u00dfen<br >\n<\/p><\/div> <div  data-type=\"column\" class=\"col-padding-small col-padding-small-xs read-more-container\"><a  class=\"read-more\" href=\"#\" target=\"_self\" data-cp-link=\"1\" rel=\"noopener noreferrer\">komplettes Leistungsspektrum<\/a><\/div> <\/div><\/div> <div  class=\"col-xs-12 col-sm-6 col-md-4\"><div  class=\"card no-padding bordered y-move\"> <img  decoding=\"async\" class=\"face\" src=\"http:\/\/gewerko.de\/wp-content\/uploads\/2019\/07\/cropped-henry-co-3coKbdfnAFg-unsplash-1.jpg\" alt=\"\" title=\"cropped-henry-co-3coKbdfnAFg-unsplash-1.jpg\"> <div  data-type=\"column\" class=\"col-padding-small col-padding-small-xs description-container\"> <h4  class=\"font-500\">Renovierungsarbeiten<\/h4> <p  class=\"\">\u2022Decken abh\u00e4ngen, Zwischendecken einziehen\n<br >\u2022Verlegen von Fliesen, Platten und Mosaik\n<br >\u2022Verlegen von Parkett und Laminat\n<br >\u2022Maler- und Tapezierarbeiten<\/p><\/div> <div  data-type=\"column\" class=\"col-padding-small col-padding-small-xs read-more-container\"><a  class=\"read-more\" href=\"#\" target=\"_self\" data-cp-link=\"1\" rel=\"noopener noreferrer\">komplettes Leistungsspektrum<\/a><\/div> <\/div><\/div> <\/div><\/div> <\/div><div  data-label=\"Kontakt\" data-id=\"contact--1\" data-export-id=\"contact-1\" data-category=\"contact\" class=\"contact-1 content-section content-section-spacing white-text\" data-parallax-depth=\"20\" id=\"kontakt\" style=\"background-color: rgb(255, 255, 255); background-image: url(&quot;http:\/\/gewerko.de\/wp-content\/uploads\/2019\/07\/cell-phone-690192_1920.jpg&quot;); background-size: cover; background-position: center top;\"><div  class=\"gridContainer\"> <div  class=\"row text-center\"><div  class=\"section-title-col\" data-type=\"column\"> <h2  class=\"\">Kontakt<\/h2> <p  class=\"lead\">Senden Sie uns eine Nachricht, rufen Sie uns an oder schreiben Sie uns. Wir melden uns umgehend bei Ihnen zur\u00fcck.<\/p><\/div> <\/div> <div  class=\"row text-center\"> <div  class=\"col-xs-12 col-sm-8 col-sm-offset-2 contact-form-wrapper inline-info\"> <div  class=\"card large-padding\"> <div  class=\"\" data-content-shortcode=\"mesmerize_contact_form shortcode=&quot;wpforms id=&amp;amp;quot;274&amp;amp;quot; title=&amp;amp;quot;false&amp;amp;quot; description=&amp;amp;quot;false&amp;amp;quot;&quot;\" data-editable=\"true\"><div class=\"wpforms-container wpforms-container-full\" id=\"wpforms-274\"><form id=\"wpforms-form-274\" class=\"wpforms-validate wpforms-form\" data-formid=\"274\" method=\"post\" enctype=\"multipart\/form-data\" action=\"\/index.php?rest_route=%2Fwp%2Fv2%2Fpages%2F120\"><noscript class=\"wpforms-error-noscript\">Bitte aktiviere JavaScript in deinem Browser, um dieses Formular fertigzustellen.<\/noscript><div class=\"wpforms-field-container\"><div id=\"wpforms-274-field_0-container\" class=\"wpforms-field wpforms-field-name\" data-field-id=\"0\"><label class=\"wpforms-field-label\" for=\"wpforms-274-field_0\">Name <span class=\"wpforms-required-label\">*<\/span><\/label><div class=\"wpforms-field-row wpforms-field-large\"><div class=\"wpforms-field-row-block wpforms-first wpforms-one-half\"><input type=\"text\" id=\"wpforms-274-field_0\" class=\"wpforms-field-name-first wpforms-field-required\" name=\"wpforms[fields][0][first]\" required><label for=\"wpforms-274-field_0\" class=\"wpforms-field-sublabel after \">Vorname<\/label><\/div><div class=\"wpforms-field-row-block wpforms-one-half\"><input type=\"text\" id=\"wpforms-274-field_0-last\" class=\"wpforms-field-name-last wpforms-field-required\" name=\"wpforms[fields][0][last]\" required><label for=\"wpforms-274-field_0-last\" class=\"wpforms-field-sublabel after \">Nachname<\/label><\/div><\/div><\/div><div id=\"wpforms-274-field_1-container\" class=\"wpforms-field wpforms-field-email\" data-field-id=\"1\"><label class=\"wpforms-field-label\" for=\"wpforms-274-field_1\">Email <span class=\"wpforms-required-label\">*<\/span><\/label><input type=\"email\" id=\"wpforms-274-field_1\" class=\"wpforms-field-large wpforms-field-required\" name=\"wpforms[fields][1]\" required><\/div><div id=\"wpforms-274-field_2-container\" class=\"wpforms-field wpforms-field-textarea\" data-field-id=\"2\"><label class=\"wpforms-field-label\" for=\"wpforms-274-field_2\">Nachricht <span class=\"wpforms-required-label\">*<\/span><\/label><textarea id=\"wpforms-274-field_2\" class=\"wpforms-field-large wpforms-field-required\" name=\"wpforms[fields][2]\" required><\/textarea><\/div><\/div><div class=\"wpforms-field wpforms-field-hp\"><label for=\"wpforms-274-field-hp\" class=\"wpforms-field-label\">Message<\/label><input type=\"text\" name=\"wpforms[hp]\" id=\"wpforms-274-field-hp\" class=\"wpforms-field-medium\"><\/div><div class=\"wpforms-submit-container\" ><input type=\"hidden\" name=\"wpforms[id]\" value=\"274\"><input type=\"hidden\" name=\"wpforms[author]\" value=\"1\"><button type=\"submit\" name=\"wpforms[submit]\" class=\"wpforms-submit button color1\" id=\"wpforms-submit-274\" value=\"wpforms-submit\" aria-live=\"assertive\" data-alt-text=\"Sending...\" data-submit-text=\"Absenden\">Absenden<\/button><\/div><\/form><\/div>  <!-- .wpforms-container --><\/div><\/div> <\/div><\/div> <\/div><\/div>","protected":false},"excerpt":{"rendered":"<p>Kurz vorgestellt\u2026 \u201eWir sind erst zufrieden wenn Sie es sind\u201c Unsere Kernkompetenz sind die Bereiche Bad-, Sanit\u00e4r- und Heizungstechnik.Das Veat-Gradina-Team setzt sich aus langj\u00e4hrig erfahrenen und motivierten Fachkr\u00e4ften zusammen. Die gute fachliche Qualifikation der Mitarbeiter wird st\u00e4ndig ausgebaut und vertieft, um allen Kundenw\u00fcnschen und technischen Innovationen gerecht zu werden.Als Meisterbetrieb bem\u00fchen wir uns um h\u00f6chste&hellip; <br \/> <a class=\"read-more\" href=\"https:\/\/veat-gradina.de\/\">Weiterlesen<\/a><\/p>\n","protected":false},"author":1,"featured_media":0,"parent":0,"menu_order":0,"comment_status":"closed","ping_status":"closed","template":"page-templates\/homepage.php","meta":{"_crdt_document":"","footnotes":""},"class_list":["post-120","page","type-page","status-publish","hentry"],"_links":{"self":[{"href":"https:\/\/veat-gradina.de\/index.php?rest_route=\/wp\/v2\/pages\/120","targetHints":{"allow":["GET"]}}],"collection":[{"href":"https:\/\/veat-gradina.de\/index.php?rest_route=\/wp\/v2\/pages"}],"about":[{"href":"https:\/\/veat-gradina.de\/index.php?rest_route=\/wp\/v2\/types\/page"}],"author":[{"embeddable":true,"href":"https:\/\/veat-gradina.de\/index.php?rest_route=\/wp\/v2\/users\/1"}],"replies":[{"embeddable":true,"href":"https:\/\/veat-gradina.de\/index.php?rest_route=%2Fwp%2Fv2%2Fcomments&post=120"}],"version-history":[{"count":24,"href":"https:\/\/veat-gradina.de\/index.php?rest_route=\/wp\/v2\/pages\/120\/revisions"}],"predecessor-version":[{"id":345,"href":"https:\/\/veat-gradina.de\/index.php?rest_route=\/wp\/v2\/pages\/120\/revisions\/345"}],"wp:attachment":[{"href":"https:\/\/veat-gradina.de\/index.php?rest_route=%2Fwp%2Fv2%2Fmedia&parent=120"}],"curies":[{"name":"wp","href":"https:\/\/api.w.org\/{rel}","templated":true}]}}